{"id":79,"date":"2012-02-23T18:08:42","date_gmt":"2012-02-23T17:08:42","guid":{"rendered":"https:\/\/www.armeniancouncil.com\/Europe\/\/?page_id=79"},"modified":"2012-02-23T18:08:42","modified_gmt":"2012-02-23T17:08:42","slug":"qui-sommes-nous","status":"publish","type":"page","link":"https:\/\/www.armeniancouncil.com\/Europe\/qui-sommes-nous\/","title":{"rendered":"Qui sommes-nous ?"},"content":{"rendered":"<p>L\u2019Armenian Council of Europe (ACE) a pour vocation de mettre \u00e0 disposition des supports d\u2019information et d\u2019analyse ax\u00e9s sur le Droit, la Justice et la D\u00e9mocratie, autours de probl\u00e9matiques importantes dans les r\u00e9gions dites sensibles, aux d\u00e9cideurs, aux m\u00e9dias, aux \u00e9tudiants et \u00e0 l\u2019opinion publique.<\/p>\n<p>L\u2019ACE a pour vocation de missionner dans ces r\u00e9gions, des experts et des sp\u00e9cialistes pour mener des investigations, analyser, proposer des solutions justes et \u00e9quitables et suivre l\u2019application des d\u00e9cisions prises, pour permettre aux peuples des dites r\u00e9gions de vivre en Paix et en S\u00e9curit\u00e9.<\/p>\n<p>L\u2019ACE a pour objectifs de lutter contre toute forme de n\u00e9gationnisme, de d\u00e9fendre les droits de l\u2019homme et des minorit\u00e9s et de lutter pour la pr\u00e9vention des crimes contre l\u2019humanit\u00e9 et les g\u00e9nocides.<\/p>\n<p>L\u2019ACE vise \u00e0 renforcer les liens et \u00e0 d\u00e9velopper la collaboration entre l\u2019Europe et les Arm\u00e9niens.<\/p>\n<p>L\u2019ACE a pour but d\u2019aider moralement et mat\u00e9riellement la cause arm\u00e9nienne dans sa globalit\u00e9, et assurer le d\u00e9veloppement du peuple arm\u00e9nien dans la Paix.<\/p>\n","protected":false},"excerpt":{"rendered":"<div class=\"mh-excerpt\"><p>L\u2019Armenian Council of Europe (ACE) a pour vocation de mettre \u00e0 disposition des supports d\u2019information et d\u2019analyse ax\u00e9s sur le Droit, la Justice et la D\u00e9mocratie, autours de probl\u00e9matiques importantes dans les <a class=\"mh-excerpt-more\" href=\"https:\/\/www.armeniancouncil.com\/Europe\/qui-sommes-nous\/\" title=\"Qui sommes-nous ?\">[&#8230;]<\/a><\/p>\n<\/div>","protected":false},"author":4,"featured_media":0,"parent":0,"menu_order":0,"comment_status":"open","ping_status":"closed","template":"","meta":[],"_links":{"self":[{"href":"https:\/\/www.armeniancouncil.com\/Europe\/wp-json\/wp\/v2\/pages\/79"}],"collection":[{"href":"https:\/\/www.armeniancouncil.com\/Europe\/wp-json\/wp\/v2\/pages"}],"about":[{"href":"https:\/\/www.armeniancouncil.com\/Europe\/wp-json\/wp\/v2\/types\/page"}],"author":[{"embeddable":true,"href":"https:\/\/www.armeniancouncil.com\/Europe\/wp-json\/wp\/v2\/users\/4"}],"replies":[{"embeddable":true,"href":"https:\/\/www.armeniancouncil.com\/Europe\/wp-json\/wp\/v2\/comments?post=79"}],"version-history":[{"count":1,"href":"https:\/\/www.armeniancouncil.com\/Europe\/wp-json\/wp\/v2\/pages\/79\/revisions"}],"predecessor-version":[{"id":80,"href":"https:\/\/www.armeniancouncil.com\/Europe\/wp-json\/wp\/v2\/pages\/79\/revisions\/80"}],"wp:attachment":[{"href":"https:\/\/www.armeniancouncil.com\/Europe\/wp-json\/wp\/v2\/media?parent=79"}],"curies":[{"name":"wp","href":"https:\/\/api.w.org\/{rel}","templated":true}]}}